{"id":228,"date":"2020-09-11T01:19:29","date_gmt":"2020-09-11T01:19:29","guid":{"rendered":"http:\/\/tanyagjohnson.com\/?page_id=228"},"modified":"2025-08-07T08:42:25","modified_gmt":"2025-08-07T08:42:25","slug":"metodo-de-formacion-en-comunicacion","status":"publish","type":"page","link":"https:\/\/www.tanyagjohnson.com\/es\/metodo-de-formacion-en-comunicacion\/","title":{"rendered":"M\u00e9todo de formaci\u00f3n en comunicaci\u00f3n"},"content":{"rendered":"<div data-elementor-type=\"wp-page\" data-elementor-id=\"228\" class=\"elementor elementor-228\">\n\t\t\t\t\t\t<section class=\"elementor-section elementor-top-section elementor-element elementor-element-61ee466e elementor-section-full_width elementor-section-height-default elementor-section-height-default\" data-id=\"61ee466e\" data-element_type=\"section\" data-e-type=\"section\" data-settings=\"{&quot;background_background&quot;:&quot;classic&quot;}\">\n\t\t\t\t\t\t\t<div class=\"elementor-background-overlay\"><\/div>\n\t\t\t\t\t\t\t<div class=\"elementor-container elementor-column-gap-no\">\n\t\t\t\t\t<div class=\"elementor-column elementor-col-100 elementor-top-column elementor-element elementor-element-61e5e73\" data-id=\"61e5e73\" data-element_type=\"column\" data-e-type=\"column\">\n\t\t\t<div class=\"elementor-widget-wrap elementor-element-populated\">\n\t\t\t\t\t\t<div class=\"elementor-element elementor-element-7d4759f elementor-widget elementor-widget-heading\" data-id=\"7d4759f\" data-element_type=\"widget\" data-e-type=\"widget\" data-widget_type=\"heading.default\">\n\t\t\t\t<div class=\"elementor-widget-container\">\n\t\t\t\t\t<h1 class=\"elementor-heading-title elementor-size-default\">M\u00c9TODO DE FORMACI\u00d3N EN COMUNICACI\u00d3N<\/h1>\t\t\t\t<\/div>\n\t\t\t\t<\/div>\n\t\t\t\t<div class=\"elementor-element elementor-element-1a5d6a20 elementor-widget-divider--view-line elementor-widget elementor-widget-divider\" data-id=\"1a5d6a20\" data-element_type=\"widget\" data-e-type=\"widget\" data-widget_type=\"divider.default\">\n\t\t\t\t<div class=\"elementor-widget-container\">\n\t\t\t\t\t\t\t<div class=\"elementor-divider\">\n\t\t\t<span class=\"elementor-divider-separator\">\n\t\t\t\t\t\t<\/span>\n\t\t<\/div>\n\t\t\t\t\t\t<\/div>\n\t\t\t\t<\/div>\n\t\t\t\t\t<\/div>\n\t\t<\/div>\n\t\t\t\t\t<\/div>\n\t\t<\/section>\n\t\t\t\t<section class=\"elementor-section elementor-top-section elementor-element elementor-element-2f018a1 elementor-section-boxed elementor-section-height-default elementor-section-height-default\" data-id=\"2f018a1\" data-element_type=\"section\" data-e-type=\"section\" data-settings=\"{&quot;background_background&quot;:&quot;classic&quot;}\">\n\t\t\t\t\t\t<div class=\"elementor-container elementor-column-gap-no\">\n\t\t\t\t\t<div class=\"elementor-column elementor-col-100 elementor-top-column elementor-element elementor-element-8810c89\" data-id=\"8810c89\" data-element_type=\"column\" data-e-type=\"column\">\n\t\t\t<div class=\"elementor-widget-wrap elementor-element-populated\">\n\t\t\t\t\t\t<section class=\"elementor-section elementor-inner-section elementor-element elementor-element-0df6276 elementor-section-boxed elementor-section-height-default elementor-section-height-default\" data-id=\"0df6276\" data-element_type=\"section\" data-e-type=\"section\">\n\t\t\t\t\t\t<div class=\"elementor-container elementor-column-gap-default\">\n\t\t\t\t\t<div class=\"elementor-column elementor-col-100 elementor-inner-column elementor-element elementor-element-c6af462\" data-id=\"c6af462\" data-element_type=\"column\" data-e-type=\"column\">\n\t\t\t<div class=\"elementor-widget-wrap\">\n\t\t\t\t\t\t\t<\/div>\n\t\t<\/div>\n\t\t\t\t\t<\/div>\n\t\t<\/section>\n\t\t\t\t<section class=\"elementor-section elementor-inner-section elementor-element elementor-element-961cd9b elementor-section-boxed elementor-section-height-default elementor-section-height-default\" data-id=\"961cd9b\" data-element_type=\"section\" data-e-type=\"section\">\n\t\t\t\t\t\t<div class=\"elementor-container elementor-column-gap-default\">\n\t\t\t\t\t<div class=\"elementor-column elementor-col-100 elementor-inner-column elementor-element elementor-element-cf1cccc\" data-id=\"cf1cccc\" data-element_type=\"column\" data-e-type=\"column\">\n\t\t\t<div class=\"elementor-widget-wrap elementor-element-populated\">\n\t\t\t\t\t\t<div class=\"elementor-element elementor-element-0b2f290 elementor-widget elementor-widget-heading\" data-id=\"0b2f290\" data-element_type=\"widget\" data-e-type=\"widget\" data-widget_type=\"heading.default\">\n\t\t\t\t<div class=\"elementor-widget-container\">\n\t\t\t\t\t<h2 class=\"elementor-heading-title elementor-size-default\">COACHING BASADO EN LA PR\u00c1CTICA PARA UN CRECIMIENTO REAL DE LA COMUNICACI\u00d3N<\/h2>\t\t\t\t<\/div>\n\t\t\t\t<\/div>\n\t\t\t\t<div class=\"elementor-element elementor-element-f9c3c00 elementor-widget elementor-widget-heading\" data-id=\"f9c3c00\" data-element_type=\"widget\" data-e-type=\"widget\" data-widget_type=\"heading.default\">\n\t\t\t\t<div class=\"elementor-widget-container\">\n\t\t\t\t\t<p class=\"elementor-heading-title elementor-size-default\">La comunicaci\u00f3n es una habilidad de liderazgo, no s\u00f3lo una habilidad blanda<\/p>\t\t\t\t<\/div>\n\t\t\t\t<\/div>\n\t\t\t\t<div class=\"elementor-element elementor-element-7e1a954 elementor-widget elementor-widget-text-editor\" data-id=\"7e1a954\" data-element_type=\"widget\" data-e-type=\"widget\" data-widget_type=\"text-editor.default\">\n\t\t\t\t<div class=\"elementor-widget-container\">\n\t\t\t\t\t\t\t\t\t<p>Mi metodolog\u00eda combina el coaching pr\u00e1ctico con un fuerte enfoque en los objetivos individuales. Cada sesi\u00f3n es pr\u00e1ctica, reflexiva y adaptada al tiempo disponible. Utilizamos grabaciones de v\u00eddeo, autoevaluaciones y comentarios guiados para profundizar en el conocimiento de uno mismo y acelerar el crecimiento. Se anima a los clientes a traer material relevante y a venir preparados, para que cada momento aborde retos reales de comunicaci\u00f3n.<\/p>\t\t\t\t\t\t\t\t<\/div>\n\t\t\t\t<\/div>\n\t\t\t\t\t<\/div>\n\t\t<\/div>\n\t\t\t\t\t<\/div>\n\t\t<\/section>\n\t\t\t\t<section class=\"elementor-section elementor-inner-section elementor-element elementor-element-a8b51a0 elementor-section-boxed elementor-section-height-default elementor-section-height-default\" data-id=\"a8b51a0\" data-element_type=\"section\" data-e-type=\"section\" id=\"analysis\">\n\t\t\t\t\t\t<div class=\"elementor-container elementor-column-gap-default\">\n\t\t\t\t\t<div class=\"elementor-column elementor-col-100 elementor-inner-column elementor-element elementor-element-f1636a1\" data-id=\"f1636a1\" data-element_type=\"column\" data-e-type=\"column\">\n\t\t\t<div class=\"elementor-widget-wrap elementor-element-populated\">\n\t\t\t\t\t\t<div class=\"elementor-element elementor-element-3c20daf elementor-widget elementor-widget-heading\" data-id=\"3c20daf\" data-element_type=\"widget\" data-e-type=\"widget\" id=\"analysis\" data-widget_type=\"heading.default\">\n\t\t\t\t<div class=\"elementor-widget-container\">\n\t\t\t\t\t<h3 class=\"elementor-heading-title elementor-size-default\">AN\u00c1LISIS DE LAS NECESIDADES DE COMUNICACI\u00d3N<\/h3>\t\t\t\t<\/div>\n\t\t\t\t<\/div>\n\t\t\t\t\t<\/div>\n\t\t<\/div>\n\t\t\t\t\t<\/div>\n\t\t<\/section>\n\t\t\t\t<section class=\"elementor-section elementor-inner-section elementor-element elementor-element-e6e1039 elementor-section-boxed elementor-section-height-default elementor-section-height-default\" data-id=\"e6e1039\" data-element_type=\"section\" data-e-type=\"section\">\n\t\t\t\t\t\t<div class=\"elementor-container elementor-column-gap-default\">\n\t\t\t\t\t<div class=\"elementor-column elementor-col-50 elementor-inner-column elementor-element elementor-element-9e8a13f\" data-id=\"9e8a13f\" data-element_type=\"column\" data-e-type=\"column\">\n\t\t\t<div class=\"elementor-widget-wrap elementor-element-populated\">\n\t\t\t\t\t\t<div class=\"elementor-element elementor-element-a0ce010 elementor-widget elementor-widget-text-editor\" data-id=\"a0ce010\" data-element_type=\"widget\" data-e-type=\"widget\" data-widget_type=\"text-editor.default\">\n\t\t\t\t<div class=\"elementor-widget-container\">\n\t\t\t\t\t\t\t\t\t<p>Todo proceso de coaching eficaz empieza por escuchar. Antes de dise\u00f1ar tu programa, dedico tiempo a comprender las necesidades de comunicaci\u00f3n de tu equipo mediante un an\u00e1lisis estructurado. Esto me permite crear programas y paquetes personalizados que se ajusten a tus objetivos y retos. Cuanto mejor entienda tu contexto actual, m\u00e1s eficazmente podr\u00e9 apoyar tu desarrollo. Esto conduce a resultados m\u00e1s s\u00f3lidos y sostenibles en tu comunicaci\u00f3n.<\/p><p><span style=\"font-weight: 400;\">El an\u00e1lisis de las necesidades incluye:<\/span><\/p><ul><li style=\"font-weight: 400;\" aria-level=\"1\"><span style=\"font-weight: 400;\">Un cuestionario<\/span><\/li><li style=\"font-weight: 400;\" aria-level=\"1\"><span style=\"font-weight: 400;\">Entrevista virtual<\/span><\/li><li style=\"font-weight: 400;\" aria-level=\"1\"><span style=\"font-weight: 400;\">Revisi\u00f3n peri\u00f3dica de objetivos y prioridades<\/span><\/li><\/ul>\t\t\t\t\t\t\t\t<\/div>\n\t\t\t\t<\/div>\n\t\t\t\t\t<\/div>\n\t\t<\/div>\n\t\t\t\t<div class=\"elementor-column elementor-col-50 elementor-inner-column elementor-element elementor-element-d5b05d5\" data-id=\"d5b05d5\" data-element_type=\"column\" data-e-type=\"column\">\n\t\t\t<div class=\"elementor-widget-wrap elementor-element-populated\">\n\t\t\t\t\t\t<div class=\"elementor-element elementor-element-2b48d8c elementor-widget elementor-widget-image\" data-id=\"2b48d8c\" data-element_type=\"widget\" data-e-type=\"widget\" data-widget_type=\"image.default\">\n\t\t\t\t<div class=\"elementor-widget-container\">\n\t\t\t\t\t\t\t\t\t\t\t\t\t\t\t<img fetchpriority=\"high\" decoding=\"async\" width=\"1200\" height=\"700\" src=\"https:\/\/www.tanyagjohnson.com\/wp-content\/uploads\/2021\/02\/metodo02.jpg\" class=\"attachment-full size-full wp-image-1673\" alt=\"an\u00e1lisis de las necesidades de comunicaci\u00f3n\" srcset=\"https:\/\/www.tanyagjohnson.com\/wp-content\/uploads\/2021\/02\/metodo02.jpg 1200w, https:\/\/www.tanyagjohnson.com\/wp-content\/uploads\/2021\/02\/metodo02-300x175.jpg 300w, https:\/\/www.tanyagjohnson.com\/wp-content\/uploads\/2021\/02\/metodo02-1024x597.jpg 1024w, https:\/\/www.tanyagjohnson.com\/wp-content\/uploads\/2021\/02\/metodo02-768x448.jpg 768w\" sizes=\"(max-width: 1200px) 100vw, 1200px\" title=\"\">\t\t\t\t\t\t\t\t\t\t\t\t\t\t\t<\/div>\n\t\t\t\t<\/div>\n\t\t\t\t\t<\/div>\n\t\t<\/div>\n\t\t\t\t\t<\/div>\n\t\t<\/section>\n\t\t\t\t<div class=\"elementor-element elementor-element-6827302 elementor-widget elementor-widget-text-editor\" data-id=\"6827302\" data-element_type=\"widget\" data-e-type=\"widget\" data-widget_type=\"text-editor.default\">\n\t\t\t\t<div class=\"elementor-widget-container\">\n\t\t\t\t\t\t\t\t\t<p>Sobre la base de este an\u00e1lisis, recibir\u00e1s una propuesta personalizada con el formato de sesi\u00f3n y las \u00e1reas de inter\u00e9s recomendadas.<\/p>\t\t\t\t\t\t\t\t<\/div>\n\t\t\t\t<\/div>\n\t\t\t\t<div class=\"elementor-element elementor-element-cc9f2db elementor-widget elementor-widget-heading\" data-id=\"cc9f2db\" data-element_type=\"widget\" data-e-type=\"widget\" id=\"customized\" data-widget_type=\"heading.default\">\n\t\t\t\t<div class=\"elementor-widget-container\">\n\t\t\t\t\t<h3 class=\"elementor-heading-title elementor-size-default\">INFORMACI\u00d3N EN TIEMPO REAL<\/h3>\t\t\t\t<\/div>\n\t\t\t\t<\/div>\n\t\t\t\t<section class=\"elementor-section elementor-inner-section elementor-element elementor-element-be2ecb9 elementor-section-boxed elementor-section-height-default elementor-section-height-default\" data-id=\"be2ecb9\" data-element_type=\"section\" data-e-type=\"section\">\n\t\t\t\t\t\t<div class=\"elementor-container elementor-column-gap-default\">\n\t\t\t\t\t<div class=\"elementor-column elementor-col-50 elementor-inner-column elementor-element elementor-element-c072389\" data-id=\"c072389\" data-element_type=\"column\" data-e-type=\"column\">\n\t\t\t<div class=\"elementor-widget-wrap elementor-element-populated\">\n\t\t\t\t\t\t<div class=\"elementor-element elementor-element-3d4681f elementor-widget elementor-widget-text-editor\" data-id=\"3d4681f\" data-element_type=\"widget\" data-e-type=\"widget\" data-widget_type=\"text-editor.default\">\n\t\t\t\t<div class=\"elementor-widget-container\">\n\t\t\t\t\t\t\t\t\t<p>En cada sesi\u00f3n, recibes orientaci\u00f3n personalizada y centrada en lo que quieres reforzar. T\u00fa marcas la direcci\u00f3n. Yo te apoyo con observaciones y ajustes en directo que te ayudan a mantenerte presente y alineado con tu intenci\u00f3n. A medida que trabajamos en tiempo real, identificamos lo que funciona, lo que se interpone en el camino y c\u00f3mo peque\u00f1os cambios pueden cambiar todo el mensaje.<\/p><p>Este proceso genera confianza desde dentro hacia fuera. A medida que te vuelves m\u00e1s consciente de tus patrones y m\u00e1s firme en tu discurso, tu presencia cambia. Empiezas a sentirte m\u00e1s claro, m\u00e1s motivado y m\u00e1s conectado con tu mensaje. Esa conexi\u00f3n m\u00e1s profunda se transmite al p\u00fablico. Cuando hablas con convicci\u00f3n y claridad, la gente lo siente. Y cuando est\u00e1s inspirado, inspiras a los dem\u00e1s.<\/p>\t\t\t\t\t\t\t\t<\/div>\n\t\t\t\t<\/div>\n\t\t\t\t\t<\/div>\n\t\t<\/div>\n\t\t\t\t<div class=\"elementor-column elementor-col-50 elementor-inner-column elementor-element elementor-element-e7afb33\" data-id=\"e7afb33\" data-element_type=\"column\" data-e-type=\"column\">\n\t\t\t<div class=\"elementor-widget-wrap elementor-element-populated\">\n\t\t\t\t\t\t<div class=\"elementor-element elementor-element-2cad201 elementor-widget elementor-widget-image\" data-id=\"2cad201\" data-element_type=\"widget\" data-e-type=\"widget\" data-widget_type=\"image.default\">\n\t\t\t\t<div class=\"elementor-widget-container\">\n\t\t\t\t\t\t\t\t\t\t\t\t\t\t\t<img decoding=\"async\" width=\"500\" height=\"325\" data-src=\"https:\/\/www.tanyagjohnson.com\/wp-content\/uploads\/2025\/08\/real-time-feedback.jpg\" class=\"attachment-full size-full wp-image-3173 lazyload\" alt=\"informaci\u00f3n en tiempo real\" data-srcset=\"https:\/\/www.tanyagjohnson.com\/wp-content\/uploads\/2025\/08\/real-time-feedback.jpg 500w, https:\/\/www.tanyagjohnson.com\/wp-content\/uploads\/2025\/08\/real-time-feedback-300x195.jpg 300w\" data-sizes=\"(max-width: 500px) 100vw, 500px\" title=\"\" src=\"data:image\/svg+xml;base64,PHN2ZyB3aWR0aD0iMSIgaGVpZ2h0PSIxIiB4bWxucz0iaHR0cDovL3d3dy53My5vcmcvMjAwMC9zdmciPjwvc3ZnPg==\" style=\"--smush-placeholder-width: 500px; --smush-placeholder-aspect-ratio: 500\/325;\">\t\t\t\t\t\t\t\t\t\t\t\t\t\t\t<\/div>\n\t\t\t\t<\/div>\n\t\t\t\t\t<\/div>\n\t\t<\/div>\n\t\t\t\t\t<\/div>\n\t\t<\/section>\n\t\t\t\t<div class=\"elementor-element elementor-element-8f02deb elementor-widget elementor-widget-heading\" data-id=\"8f02deb\" data-element_type=\"widget\" data-e-type=\"widget\" id=\"practice\" data-widget_type=\"heading.default\">\n\t\t\t\t<div class=\"elementor-widget-container\">\n\t\t\t\t\t<h3 class=\"elementor-heading-title elementor-size-default\">COACHING BASADO EN LA PR\u00c1CTICA<\/h3>\t\t\t\t<\/div>\n\t\t\t\t<\/div>\n\t\t\t\t<section class=\"elementor-section elementor-inner-section elementor-element elementor-element-5db499b elementor-section-boxed elementor-section-height-default elementor-section-height-default\" data-id=\"5db499b\" data-element_type=\"section\" data-e-type=\"section\" id=\"practice\">\n\t\t\t\t\t\t<div class=\"elementor-container elementor-column-gap-default\">\n\t\t\t\t\t<div class=\"elementor-column elementor-col-50 elementor-inner-column elementor-element elementor-element-29e99da\" data-id=\"29e99da\" data-element_type=\"column\" data-e-type=\"column\">\n\t\t\t<div class=\"elementor-widget-wrap elementor-element-populated\">\n\t\t\t\t\t\t<div class=\"elementor-element elementor-element-6958280 elementor-widget elementor-widget-text-editor\" data-id=\"6958280\" data-element_type=\"widget\" data-e-type=\"widget\" data-widget_type=\"text-editor.default\">\n\t\t\t\t<div class=\"elementor-widget-container\">\n\t\t\t\t\t\t\t\t\t<p>En este m\u00e9todo de coaching, nos centramos en la pr\u00e1ctica del mundo real por encima de la teor\u00eda abstracta. Se mejora haciendo, una y otra vez. Tanto si te est\u00e1s preparando para una presentaci\u00f3n, una conversaci\u00f3n o un momento de liderazgo, cada sesi\u00f3n est\u00e1 dise\u00f1ada para que hables, lo intentes, te adaptes y lo vuelvas a intentar. El ritmo es repetitivo a prop\u00f3sito. La pr\u00e1ctica ayuda a asimilar las ideas y construye el tipo de memoria muscular que la teor\u00eda por s\u00ed sola no puede proporcionar. El objetivo no es la perfecci\u00f3n. El objetivo es la presencia, la claridad y el crecimiento.<\/p><p>Una parte fundamental de este proceso es observarse a uno mismo en v\u00eddeo. Grabas ejercicios cortos, a veces solo, a veces conmigo. Al principio puede resultar inc\u00f3modo, pero esa incomodidad se convierte en parte del aprendizaje. Con el tiempo, empiezas a ver lo que ven los dem\u00e1s y, lo que es m\u00e1s importante, lo que t\u00fa quieres proyectar. Mediante la pr\u00e1ctica repetida y la revisi\u00f3n de los v\u00eddeos, desarrollar\u00e1s la conciencia de ti mismo, la flexibilidad y la confianza para comunicarte con mayor intenci\u00f3n e impacto.<\/p>\t\t\t\t\t\t\t\t<\/div>\n\t\t\t\t<\/div>\n\t\t\t\t\t<\/div>\n\t\t<\/div>\n\t\t\t\t<div class=\"elementor-column elementor-col-50 elementor-inner-column elementor-element elementor-element-7a7e554\" data-id=\"7a7e554\" data-element_type=\"column\" data-e-type=\"column\">\n\t\t\t<div class=\"elementor-widget-wrap elementor-element-populated\">\n\t\t\t\t\t\t<div class=\"elementor-element elementor-element-011bac3 elementor-widget elementor-widget-image\" data-id=\"011bac3\" data-element_type=\"widget\" data-e-type=\"widget\" data-widget_type=\"image.default\">\n\t\t\t\t<div class=\"elementor-widget-container\">\n\t\t\t\t\t\t\t\t\t\t\t\t\t\t\t<img decoding=\"async\" width=\"1200\" height=\"700\" data-src=\"https:\/\/www.tanyagjohnson.com\/wp-content\/uploads\/2021\/02\/metodo03.jpg\" class=\"attachment-full size-full wp-image-1677 lazyload\" alt=\"coaching basado en la pr\u00e1ctica\" data-srcset=\"https:\/\/www.tanyagjohnson.com\/wp-content\/uploads\/2021\/02\/metodo03.jpg 1200w, https:\/\/www.tanyagjohnson.com\/wp-content\/uploads\/2021\/02\/metodo03-300x175.jpg 300w, https:\/\/www.tanyagjohnson.com\/wp-content\/uploads\/2021\/02\/metodo03-1024x597.jpg 1024w, https:\/\/www.tanyagjohnson.com\/wp-content\/uploads\/2021\/02\/metodo03-768x448.jpg 768w\" data-sizes=\"(max-width: 1200px) 100vw, 1200px\" title=\"\" src=\"data:image\/svg+xml;base64,PHN2ZyB3aWR0aD0iMSIgaGVpZ2h0PSIxIiB4bWxucz0iaHR0cDovL3d3dy53My5vcmcvMjAwMC9zdmciPjwvc3ZnPg==\" style=\"--smush-placeholder-width: 1200px; --smush-placeholder-aspect-ratio: 1200\/700;\">\t\t\t\t\t\t\t\t\t\t\t\t\t\t\t<\/div>\n\t\t\t\t<\/div>\n\t\t\t\t\t<\/div>\n\t\t<\/div>\n\t\t\t\t\t<\/div>\n\t\t<\/section>\n\t\t\t\t\t<\/div>\n\t\t<\/div>\n\t\t\t\t\t<\/div>\n\t\t<\/section>\n\t\t\t\t<section class=\"elementor-section elementor-top-section elementor-element elementor-element-4e102ca elementor-section-full_width elementor-section-height-default elementor-section-height-default\" data-id=\"4e102ca\" data-element_type=\"section\" data-e-type=\"section\" data-settings=\"{&quot;background_background&quot;:&quot;classic&quot;}\">\n\t\t\t\t\t\t<div class=\"elementor-container elementor-column-gap-default\">\n\t\t\t\t\t<div class=\"elementor-column elementor-col-100 elementor-top-column elementor-element elementor-element-8675cba\" data-id=\"8675cba\" data-element_type=\"column\" data-e-type=\"column\">\n\t\t\t<div class=\"elementor-widget-wrap\">\n\t\t\t\t\t\t\t<\/div>\n\t\t<\/div>\n\t\t\t\t\t<\/div>\n\t\t<\/section>\n\t\t\t\t<section class=\"elementor-section elementor-top-section elementor-element elementor-element-0be49fa elementor-section-boxed elementor-section-height-default elementor-section-height-default\" data-id=\"0be49fa\" data-element_type=\"section\" data-e-type=\"section\">\n\t\t\t\t\t\t<div class=\"elementor-container elementor-column-gap-no\">\n\t\t\t\t\t<div class=\"elementor-column elementor-col-100 elementor-top-column elementor-element elementor-element-2d9ac75\" data-id=\"2d9ac75\" data-element_type=\"column\" data-e-type=\"column\">\n\t\t\t<div class=\"elementor-widget-wrap elementor-element-populated\">\n\t\t\t\t\t\t<div class=\"elementor-element elementor-element-5c7f88f elementor-widget elementor-widget-heading\" data-id=\"5c7f88f\" data-element_type=\"widget\" data-e-type=\"widget\" data-widget_type=\"heading.default\">\n\t\t\t\t<div class=\"elementor-widget-container\">\n\t\t\t\t\t<h6 class=\"elementor-heading-title elementor-size-default\">coaching en comunicaci\u00f3n<\/h6>\t\t\t\t<\/div>\n\t\t\t\t<\/div>\n\t\t\t\t<div class=\"elementor-element elementor-element-79788e1 elementor-widget elementor-widget-heading\" data-id=\"79788e1\" data-element_type=\"widget\" data-e-type=\"widget\" data-widget_type=\"heading.default\">\n\t\t\t\t<div class=\"elementor-widget-container\">\n\t\t\t\t\t<div class=\"elementor-heading-title elementor-size-default\">\"Lo que tenemos que aprender a hacer, lo aprendemos haci\u00e9ndolo\". Arist\u00f3teles\n<\/div>\t\t\t\t<\/div>\n\t\t\t\t<\/div>\n\t\t\t\t<div class=\"elementor-element elementor-element-d00561e elementor-widget-divider--view-line_icon elementor-view-default elementor-widget-divider--element-align-center elementor-widget elementor-widget-divider\" data-id=\"d00561e\" data-element_type=\"widget\" data-e-type=\"widget\" data-widget_type=\"divider.default\">\n\t\t\t\t<div class=\"elementor-widget-container\">\n\t\t\t\t\t\t\t<div class=\"elementor-divider\">\n\t\t\t<span class=\"elementor-divider-separator\">\n\t\t\t\t\t\t\t<div class=\"elementor-icon elementor-divider__element\">\n\t\t\t\t\t<svg aria-hidden=\"true\" class=\"e-font-icon-svg e-fas-microphone-alt\" viewbox=\"0 0 352 512\" xmlns=\"http:\/\/www.w3.org\/2000\/svg\"><path d=\"M336 192h-16c-8.84 0-16 7.16-16 16v48c0 74.8-64.49 134.82-140.79 127.38C96.71 376.89 48 317.11 48 250.3V208c0-8.84-7.16-16-16-16H16c-8.84 0-16 7.16-16 16v40.16c0 89.64 63.97 169.55 152 181.69V464H96c-8.84 0-16 7.16-16 16v16c0 8.84 7.16 16 16 16h160c8.84 0 16-7.16 16-16v-16c0-8.84-7.16-16-16-16h-56v-33.77C285.71 418.47 352 344.9 352 256v-48c0-8.84-7.16-16-16-16zM176 352c53.02 0 96-42.98 96-96h-85.33c-5.89 0-10.67-3.58-10.67-8v-16c0-4.42 4.78-8 10.67-8H272v-32h-85.33c-5.89 0-10.67-3.58-10.67-8v-16c0-4.42 4.78-8 10.67-8H272v-32h-85.33c-5.89 0-10.67-3.58-10.67-8v-16c0-4.42 4.78-8 10.67-8H272c0-53.02-42.98-96-96-96S80 42.98 80 96v160c0 53.02 42.98 96 96 96z\"><\/path><\/svg><\/div>\n\t\t\t\t\t\t<\/span>\n\t\t<\/div>\n\t\t\t\t\t\t<\/div>\n\t\t\t\t<\/div>\n\t\t\t\t\t<\/div>\n\t\t<\/div>\n\t\t\t\t\t<\/div>\n\t\t<\/section>\n\t\t\t\t<section class=\"elementor-section elementor-top-section elementor-element elementor-element-f8c05ea elementor-section-boxed elementor-section-height-default elementor-section-height-default\" data-id=\"f8c05ea\" data-element_type=\"section\" data-e-type=\"section\">\n\t\t\t\t\t\t<div class=\"elementor-container elementor-column-gap-default\">\n\t\t\t\t\t<div class=\"elementor-column elementor-col-100 elementor-top-column elementor-element elementor-element-78c5011\" data-id=\"78c5011\" data-element_type=\"column\" data-e-type=\"column\">\n\t\t\t<div class=\"elementor-widget-wrap\">\n\t\t\t\t\t\t\t<\/div>\n\t\t<\/div>\n\t\t\t\t\t<\/div>\n\t\t<\/section>\n\t\t\t\t<\/div>","protected":false},"excerpt":{"rendered":"<p>COMMUNICATION TRAINING METHOD PRACTICE-BASED COACHING FOR REAL COMMUNICATION GROWTH Communication is a leadership skill, not just a soft skill My [&hellip;]<\/p>\n","protected":false},"author":1,"featured_media":0,"parent":0,"menu_order":0,"comment_status":"closed","ping_status":"closed","template":"","meta":{"site-sidebar-layout":"no-sidebar","site-content-layout":"page-builder","ast-site-content-layout":"default","site-content-style":"default","site-sidebar-style":"default","ast-global-header-display":"","ast-banner-title-visibility":"","ast-main-header-display":"","ast-hfb-above-header-display":"","ast-hfb-below-header-display":"","ast-hfb-mobile-header-display":"","site-post-title":"disabled","ast-breadcrumbs-content":"","ast-featured-img":"disabled","footer-sml-layout":"","ast-disable-related-posts":"","theme-transparent-header-meta":"enabled","adv-header-id-meta":"","stick-header-meta":"","header-above-stick-meta":"","header-main-stick-meta":"","header-below-stick-meta":"","astra-migrate-meta-layouts":"default","ast-page-background-enabled":"default","ast-page-background-meta":{"desktop":{"background-color":"var(--ast-global-color-5)","background-image":"","background-repeat":"repeat","background-position":"center center","background-size":"auto","background-attachment":"scroll","background-type":"","background-media":"","overlay-type":"","overlay-color":"","overlay-opacity":"","overlay-gradient":""},"tablet":{"background-color":"","background-image":"","background-repeat":"repeat","background-position":"center center","background-size":"auto","background-attachment":"scroll","background-type":"","background-media":"","overlay-type":"","overlay-color":"","overlay-opacity":"","overlay-gradient":""},"mobile":{"background-color":"","background-image":"","background-repeat":"repeat","background-position":"center center","background-size":"auto","background-attachment":"scroll","background-type":"","background-media":"","overlay-type":"","overlay-color":"","overlay-opacity":"","overlay-gradient":""}},"ast-content-background-meta":{"desktop":{"background-color":"var(--ast-global-color-4)","background-image":"","background-repeat":"repeat","background-position":"center center","background-size":"auto","background-attachment":"scroll","background-type":"","background-media":"","overlay-type":"","overlay-color":"","overlay-opacity":"","overlay-gradient":""},"tablet":{"background-color":"var(--ast-global-color-4)","background-image":"","background-repeat":"repeat","background-position":"center center","background-size":"auto","background-attachment":"scroll","background-type":"","background-media":"","overlay-type":"","overlay-color":"","overlay-opacity":"","overlay-gradient":""},"mobile":{"background-color":"var(--ast-global-color-4)","background-image":"","background-repeat":"repeat","background-position":"center center","background-size":"auto","background-attachment":"scroll","background-type":"","background-media":"","overlay-type":"","overlay-color":"","overlay-opacity":"","overlay-gradient":""}},"_joinchat":[],"footnotes":""},"class_list":["post-228","page","type-page","status-publish","hentry"],"_links":{"self":[{"href":"https:\/\/www.tanyagjohnson.com\/es\/wp-json\/wp\/v2\/pages\/228","targetHints":{"allow":["GET"]}}],"collection":[{"href":"https:\/\/www.tanyagjohnson.com\/es\/wp-json\/wp\/v2\/pages"}],"about":[{"href":"https:\/\/www.tanyagjohnson.com\/es\/wp-json\/wp\/v2\/types\/page"}],"author":[{"embeddable":true,"href":"https:\/\/www.tanyagjohnson.com\/es\/wp-json\/wp\/v2\/users\/1"}],"replies":[{"embeddable":true,"href":"https:\/\/www.tanyagjohnson.com\/es\/wp-json\/wp\/v2\/comments?post=228"}],"version-history":[{"count":331,"href":"https:\/\/www.tanyagjohnson.com\/es\/wp-json\/wp\/v2\/pages\/228\/revisions"}],"predecessor-version":[{"id":3176,"href":"https:\/\/www.tanyagjohnson.com\/es\/wp-json\/wp\/v2\/pages\/228\/revisions\/3176"}],"wp:attachment":[{"href":"https:\/\/www.tanyagjohnson.com\/es\/wp-json\/wp\/v2\/media?parent=228"}],"curies":[{"name":"wp","href":"https:\/\/api.w.org\/{rel}","templated":true}]}}